{"id":62,"date":"2025-12-07T23:14:10","date_gmt":"2025-12-07T23:14:10","guid":{"rendered":"http:\/\/www.sopegref.com\/?page_id=62"},"modified":"2026-03-12T19:18:42","modified_gmt":"2026-03-12T19:18:42","slug":"sopegref","status":"publish","type":"page","link":"https:\/\/www.sopegref.com\/","title":{"rendered":"Sopegref"},"content":{"rendered":"\n<div class=\"wp-block-cover alignfull is-light is-style-default\" style=\"min-height:708px;aspect-ratio:unset;\"><img loading=\"lazy\" decoding=\"async\" width=\"612\" height=\"407\" class=\"wp-block-cover__image-background wp-image-188 size-full\" alt=\"\" src=\"http:\/\/www.sopegref.com\/wp-content\/uploads\/2026\/02\/istockphoto-1154220680-612x612-1.jpg\" data-object-fit=\"cover\" srcset=\"https:\/\/www.sopegref.com\/wp-content\/uploads\/2026\/02\/istockphoto-1154220680-612x612-1.jpg 612w, https:\/\/www.sopegref.com\/wp-content\/uploads\/2026\/02\/istockphoto-1154220680-612x612-1-300x200.jpg 300w, https:\/\/www.sopegref.com\/wp-content\/uploads\/2026\/02\/istockphoto-1154220680-612x612-1-600x399.jpg 600w\" sizes=\"auto, (max-width: 612px) 100vw, 612px\" \/><span aria-hidden=\"true\" class=\"wp-block-cover__background has-background-dim\" style=\"background-color:#73439f\"><\/span><div class=\"wp-block-cover__inner-container is-layout-constrained wp-block-cover-is-layout-constrained\">\n<div class=\"wp-block-columns is-layout-flex wp-container-core-columns-is-layout-28f84493 wp-block-columns-is-layout-flex\">\n<div class=\"wp-block-column is-layout-flow wp-block-column-is-layout-flow\">\n<figure class=\"wp-block-image size-large has-custom-border principal1\"><img loading=\"lazy\" decoding=\"async\" width=\"817\" height=\"1024\" src=\"http:\/\/www.sopegref.com\/wp-content\/uploads\/2026\/02\/Captura-de-pantalla-2026-02-16-052316-817x1024.png\" alt=\"\" class=\"wp-image-215\" style=\"border-top-left-radius:35px;border-top-right-radius:35px;border-bottom-left-radius:35px;border-bottom-right-radius:35px;box-shadow:var(--wp--preset--shadow--deep)\" srcset=\"https:\/\/www.sopegref.com\/wp-content\/uploads\/2026\/02\/Captura-de-pantalla-2026-02-16-052316-817x1024.png 817w, https:\/\/www.sopegref.com\/wp-content\/uploads\/2026\/02\/Captura-de-pantalla-2026-02-16-052316-239x300.png 239w, https:\/\/www.sopegref.com\/wp-content\/uploads\/2026\/02\/Captura-de-pantalla-2026-02-16-052316-768x963.png 768w, https:\/\/www.sopegref.com\/wp-content\/uploads\/2026\/02\/Captura-de-pantalla-2026-02-16-052316-600x752.png 600w, https:\/\/www.sopegref.com\/wp-content\/uploads\/2026\/02\/Captura-de-pantalla-2026-02-16-052316.png 970w\" sizes=\"auto, (max-width: 817px) 100vw, 817px\" \/><\/figure>\n<\/div>\n\n\n\n<div class=\"wp-block-column is-vertically-aligned-center is-layout-flow wp-block-column-is-layout-flow\">\n<h1 class=\"wp-block-heading has-text-align-center has-ast-global-color-4-color has-text-color has-link-color wp-elements-00dde166cc87726bb32b00c1dd722ac9\"><strong>ENT\u00c9RATE SOBRE NUESTRO PR\u00d3XIMO EVENTO !!!<\/strong><\/h1>\n\n\n\n<div class=\"wp-block-buttons is-content-justification-center is-layout-flex wp-container-core-buttons-is-layout-a89b3969 wp-block-buttons-is-layout-flex\">\n<div class=\"wp-block-button is-style-outline is-style-outline--1\"><a class=\"wp-block-button__link has-ast-global-color-4-color has-text-color has-background has-link-color has-small-font-size has-custom-font-size wp-element-button\" href=\"https:\/\/www.sopegref.com\/?page_id=267\" style=\"background-color:#683a8e\"><strong>ver mas &#8230;<\/strong><\/a><\/div>\n<\/div>\n<\/div>\n\n\n\n<div class=\"wp-block-column is-layout-flow wp-block-column-is-layout-flow\">\n<figure class=\"wp-block-image size-large has-custom-border principal2\"><img loading=\"lazy\" decoding=\"async\" width=\"819\" height=\"1024\" src=\"http:\/\/www.sopegref.com\/wp-content\/uploads\/2026\/03\/WhatsApp-Image-2026-03-12-at-1.05.42-PM-819x1024.jpeg\" alt=\"\" class=\"wp-image-323\" style=\"border-top-left-radius:35px;border-top-right-radius:35px;border-bottom-left-radius:35px;border-bottom-right-radius:35px;box-shadow:var(--wp--preset--shadow--deep)\" srcset=\"https:\/\/www.sopegref.com\/wp-content\/uploads\/2026\/03\/WhatsApp-Image-2026-03-12-at-1.05.42-PM-819x1024.jpeg 819w, https:\/\/www.sopegref.com\/wp-content\/uploads\/2026\/03\/WhatsApp-Image-2026-03-12-at-1.05.42-PM-240x300.jpeg 240w, https:\/\/www.sopegref.com\/wp-content\/uploads\/2026\/03\/WhatsApp-Image-2026-03-12-at-1.05.42-PM-768x961.jpeg 768w, https:\/\/www.sopegref.com\/wp-content\/uploads\/2026\/03\/WhatsApp-Image-2026-03-12-at-1.05.42-PM-1228x1536.jpeg 1228w, https:\/\/www.sopegref.com\/wp-content\/uploads\/2026\/03\/WhatsApp-Image-2026-03-12-at-1.05.42-PM-600x751.jpeg 600w, https:\/\/www.sopegref.com\/wp-content\/uploads\/2026\/03\/WhatsApp-Image-2026-03-12-at-1.05.42-PM.jpeg 1279w\" sizes=\"auto, (max-width: 819px) 100vw, 819px\" \/><\/figure>\n<\/div>\n<\/div>\n<\/div><\/div>\n\n\n\n<div class=\"wp-block-columns is-layout-flex wp-container-core-columns-is-layout-28f84493 wp-block-columns-is-layout-flex\">\n<div class=\"wp-block-column is-layout-flow wp-block-column-is-layout-flow\">\n<div class=\"wp-block-columns is-layout-flex wp-container-core-columns-is-layout-28f84493 wp-block-columns-is-layout-flex\">\n<div class=\"wp-block-column is-layout-flow wp-block-column-is-layout-flow\">\n<div class=\"wp-block-columns is-layout-flex wp-container-core-columns-is-layout-28f84493 wp-block-columns-is-layout-flex\">\n<div class=\"wp-block-column is-layout-flow wp-block-column-is-layout-flow\">\n<figure class=\"wp-block-video aligncenter video1\" style=\"margin-top:var(--wp--preset--spacing--40);margin-right:var(--wp--preset--spacing--40);margin-bottom:var(--wp--preset--spacing--40);margin-left:var(--wp--preset--spacing--40)\"><video height=\"1920\" style=\"aspect-ratio: 1080 \/ 1920;\" width=\"1080\" autoplay controls loop muted preload=\"auto\" src=\"http:\/\/www.sopegref.com\/wp-content\/uploads\/2026\/03\/PRECONGRESO.mp4\" playsinline><\/video><\/figure>\n<\/div>\n<\/div>\n<\/div>\n<\/div>\n<\/div>\n<\/div>\n\n\n\n<div class=\"wp-block-columns is-layout-flex wp-container-core-columns-is-layout-28f84493 wp-block-columns-is-layout-flex\">\n<div class=\"wp-block-column is-vertically-aligned-center historia is-layout-flow wp-block-column-is-layout-flow\">\n<h2 class=\"wp-block-heading has-text-align-center has-text-color has-link-color wp-elements-a285b8714edc1413ca6cd37d43a17a57\" style=\"color:#683a8e\"><strong>Te contamos un poco de SOPEGREF<\/strong><\/h2>\n\n\n\n<p class=\"has-text-align-center has-text-color has-link-color wp-elements-9ee099a9dcb5f4307bb5859bdfbf5b0c\" style=\"color:#683a8e\"><strong>La Sociedad Peruana de Ginecolog\u00eda Regenerativa, Est\u00e9tica y Funcional (SOPEGREF) naci\u00f3 en<\/strong><br><strong>2022 con el prop\u00f3sito de unificar a los profesionales de salud ginecol\u00f3gica que aplican<\/strong><br><strong>tecnolog\u00eda, regeneraci\u00f3n celular y enfoque funcional en sus tratamientos.<\/strong><br><strong>En solo tres a\u00f1os, SOPEGREF se ha consolidado como la \u00fanica sociedad acad\u00e9mica cient\u00edfica<\/strong><br><strong>peruana especializada en GREF, con eventos mensuales, foros internacionales y alianzas<\/strong><br><strong>estrat\u00e9gicas con sociedades latinoamericanas y europeas.<\/strong><\/p>\n<\/div>\n\n\n\n<div class=\"wp-block-column is-layout-flow wp-block-column-is-layout-flow\">\n<figure class=\"wp-block-image aligncenter size-large is-resized has-custom-border historia-img\"><img loading=\"lazy\" decoding=\"async\" width=\"1024\" height=\"848\" src=\"http:\/\/www.sopegref.com\/wp-content\/uploads\/2026\/02\/Gemini_Generated_Image_snow7csnow7csnow-Photoroom-1024x848.png\" alt=\"\" class=\"wp-image-105\" style=\"border-style:none;border-width:0px;width:619px;height:auto\" srcset=\"https:\/\/www.sopegref.com\/wp-content\/uploads\/2026\/02\/Gemini_Generated_Image_snow7csnow7csnow-Photoroom-1024x848.png 1024w, https:\/\/www.sopegref.com\/wp-content\/uploads\/2026\/02\/Gemini_Generated_Image_snow7csnow7csnow-Photoroom-300x249.png 300w, https:\/\/www.sopegref.com\/wp-content\/uploads\/2026\/02\/Gemini_Generated_Image_snow7csnow7csnow-Photoroom-768x636.png 768w, https:\/\/www.sopegref.com\/wp-content\/uploads\/2026\/02\/Gemini_Generated_Image_snow7csnow7csnow-Photoroom-600x497.png 600w, https:\/\/www.sopegref.com\/wp-content\/uploads\/2026\/02\/Gemini_Generated_Image_snow7csnow7csnow-Photoroom.png 1120w\" sizes=\"auto, (max-width: 1024px) 100vw, 1024px\" \/><\/figure>\n<\/div>\n<\/div>\n\n\n\n<div class=\"wp-block-columns alignwide are-vertically-aligned-center has-background is-layout-flex wp-container-core-columns-is-layout-28f84493 wp-block-columns-is-layout-flex\" style=\"border-top-left-radius:0px;border-top-right-radius:0px;border-bottom-left-radius:0px;border-bottom-right-radius:0px;background:linear-gradient(135deg,rgb(160,85,163) 0%,rgb(141,185,255) 100%)\">\n<div class=\"wp-block-column is-vertically-aligned-center is-layout-flow wp-block-column-is-layout-flow\">\n<div class=\"wp-block-columns is-layout-flex wp-container-core-columns-is-layout-28f84493 wp-block-columns-is-layout-flex\">\n<div class=\"wp-block-column is-vertically-aligned-center mision is-layout-flow wp-block-column-is-layout-flow\">\n<h2 class=\"wp-block-heading has-text-align-center mision has-ast-global-color-4-color has-text-color has-link-color has-x-large-font-size wp-elements-b9ebdfe39aae7a188e0c37ff03975e99\"><strong>MISI\u00d3N<\/strong><\/h2>\n\n\n\n<h2 class=\"wp-block-heading has-text-align-center mision has-ast-global-color-4-color has-text-color has-link-color has-medium-font-size wp-elements-1ba488b8fe4b0e24f99c89a4b3282f8d\"><strong>Promover la formaci\u00f3n continua, la investigaci\u00f3n y la estandarizaci\u00f3n de<br>pr\u00e1cticas en ginecolog\u00eda regenerativa,<br>est\u00e9tica y funcional, desde un<br>enfoque \u00e9tico, multidisciplinario y<br>cient\u00edfico.<\/strong><\/h2>\n\n\n\n<figure class=\"wp-block-image aligncenter size-full is-resized has-custom-border mision-img\"><img loading=\"lazy\" decoding=\"async\" width=\"948\" height=\"948\" src=\"https:\/\/www.sopegref.com\/wp-content\/uploads\/2026\/02\/Gemini_Generated_Image_vxov6hvxov6hvxov-edited.png\" alt=\"\" class=\"wp-image-253\" style=\"border-top-left-radius:50px;border-top-right-radius:50px;border-bottom-left-radius:50px;border-bottom-right-radius:50px;box-shadow:var(--wp--preset--shadow--deep);width:423px;height:auto\" srcset=\"https:\/\/www.sopegref.com\/wp-content\/uploads\/2026\/02\/Gemini_Generated_Image_vxov6hvxov6hvxov-edited.png 948w, https:\/\/www.sopegref.com\/wp-content\/uploads\/2026\/02\/Gemini_Generated_Image_vxov6hvxov6hvxov-edited-300x300.png 300w, https:\/\/www.sopegref.com\/wp-content\/uploads\/2026\/02\/Gemini_Generated_Image_vxov6hvxov6hvxov-edited-150x150.png 150w, https:\/\/www.sopegref.com\/wp-content\/uploads\/2026\/02\/Gemini_Generated_Image_vxov6hvxov6hvxov-edited-768x768.png 768w, https:\/\/www.sopegref.com\/wp-content\/uploads\/2026\/02\/Gemini_Generated_Image_vxov6hvxov6hvxov-edited-600x600.png 600w, https:\/\/www.sopegref.com\/wp-content\/uploads\/2026\/02\/Gemini_Generated_Image_vxov6hvxov6hvxov-edited-100x100.png 100w\" sizes=\"auto, (max-width: 948px) 100vw, 948px\" \/><\/figure>\n<\/div>\n\n\n\n<div class=\"wp-block-column is-vertically-aligned-center is-layout-flow wp-block-column-is-layout-flow\">\n<h2 class=\"wp-block-heading has-text-align-center vision has-ast-global-color-4-color has-text-color has-link-color wp-elements-401f5d54f9b51f4a2ab2303bb119cc48\">VISI\u00d3N<\/h2>\n\n\n\n<h2 class=\"wp-block-heading has-text-align-center vision has-ast-global-color-4-color has-text-color has-link-color has-medium-font-size wp-elements-1d40881e2eba59993a070b6265a6ecc3\"><strong>Ser referente continental en la<br>formaci\u00f3n, validaci\u00f3n e innovaci\u00f3n de<br>tratamientos integrales para la salud<br>\u00edntima y funcional de la mujer.<\/strong><\/h2>\n\n\n\n<figure class=\"wp-block-image aligncenter size-full is-resized has-custom-border vision-img\"><img loading=\"lazy\" decoding=\"async\" width=\"683\" height=\"683\" src=\"https:\/\/www.sopegref.com\/wp-content\/uploads\/2026\/02\/Gemini_Generated_Image_ibstfoibstfoibst-edited-1.png\" alt=\"\" class=\"wp-image-252\" style=\"border-top-left-radius:50px;border-top-right-radius:50px;border-bottom-left-radius:50px;border-bottom-right-radius:50px;box-shadow:var(--wp--preset--shadow--deep);width:419px;height:auto\" srcset=\"https:\/\/www.sopegref.com\/wp-content\/uploads\/2026\/02\/Gemini_Generated_Image_ibstfoibstfoibst-edited-1.png 683w, https:\/\/www.sopegref.com\/wp-content\/uploads\/2026\/02\/Gemini_Generated_Image_ibstfoibstfoibst-edited-1-300x300.png 300w, https:\/\/www.sopegref.com\/wp-content\/uploads\/2026\/02\/Gemini_Generated_Image_ibstfoibstfoibst-edited-1-150x150.png 150w, https:\/\/www.sopegref.com\/wp-content\/uploads\/2026\/02\/Gemini_Generated_Image_ibstfoibstfoibst-edited-1-600x600.png 600w, https:\/\/www.sopegref.com\/wp-content\/uploads\/2026\/02\/Gemini_Generated_Image_ibstfoibstfoibst-edited-1-100x100.png 100w\" sizes=\"auto, (max-width: 683px) 100vw, 683px\" \/><\/figure>\n<\/div>\n<\/div>\n<\/div>\n<\/div>\n\n\n\n<p class=\"has-ast-global-color-4-color has-text-color has-link-color wp-elements-b948a5a1a3e55553417ade5d754383a8\">s<\/p>\n\n\n\n<div class=\"wp-block-cover aligncenter is-light img-sub\" style=\"min-height:462px;aspect-ratio:unset;\"><img loading=\"lazy\" decoding=\"async\" width=\"612\" height=\"407\" class=\"wp-block-cover__image-background wp-image-188 size-full\" alt=\"\" src=\"http:\/\/www.sopegref.com\/wp-content\/uploads\/2026\/02\/istockphoto-1154220680-612x612-1.jpg\" style=\"object-position:34% 30%\" data-object-fit=\"cover\" data-object-position=\"34% 30%\" srcset=\"https:\/\/www.sopegref.com\/wp-content\/uploads\/2026\/02\/istockphoto-1154220680-612x612-1.jpg 612w, https:\/\/www.sopegref.com\/wp-content\/uploads\/2026\/02\/istockphoto-1154220680-612x612-1-300x200.jpg 300w, https:\/\/www.sopegref.com\/wp-content\/uploads\/2026\/02\/istockphoto-1154220680-612x612-1-600x399.jpg 600w\" sizes=\"auto, (max-width: 612px) 100vw, 612px\" \/><span aria-hidden=\"true\" class=\"wp-block-cover__background has-background-dim\" style=\"background-color:#73439f\"><\/span><div class=\"wp-block-cover__inner-container is-layout-constrained wp-block-cover-is-layout-constrained\">\n<p class=\"has-text-align-center has-ast-global-color-4-color has-text-color has-link-color has-large-font-size wp-elements-25bedead5fde65e14f8d92b5737ab816\"><strong>\u201cLa salud \u00edntima y funcional de la mujer no avanza con una sola tecnolog\u00eda,<br>avanza con innovaci\u00f3n real, evidencia cient\u00edfica y alianzas estrat\u00e9gicas\u201d<\/strong><\/p>\n<\/div><\/div>\n\n\n\n<h2 class=\"wp-block-heading has-ast-global-color-4-color has-text-color has-link-color wp-elements-5313abde897661e86d1f3b5a019095b6\">.<\/h2>\n\n\n\n<figure class=\"wp-block-gallery has-nested-images columns-3 is-cropped wp-block-gallery-2 is-layout-flex wp-block-gallery-is-layout-flex\" style=\"border-top-left-radius:0px;border-top-right-radius:0px;border-bottom-left-radius:0px;border-bottom-right-radius:0px\">\n<figure class=\"wp-block-image size-large\"><img loading=\"lazy\" decoding=\"async\" width=\"508\" height=\"323\" data-id=\"135\" src=\"http:\/\/www.sopegref.com\/wp-content\/uploads\/2026\/02\/Captura-de-pantalla-2026-02-13-011844.png\" alt=\"\" class=\"wp-image-135\" srcset=\"https:\/\/www.sopegref.com\/wp-content\/uploads\/2026\/02\/Captura-de-pantalla-2026-02-13-011844.png 508w, https:\/\/www.sopegref.com\/wp-content\/uploads\/2026\/02\/Captura-de-pantalla-2026-02-13-011844-300x191.png 300w\" sizes=\"auto, (max-width: 508px) 100vw, 508px\" \/><figcaption class=\"wp-element-caption\">1<\/figcaption><\/figure>\n\n\n\n<figure class=\"wp-block-image size-large\"><img loading=\"lazy\" decoding=\"async\" width=\"476\" height=\"328\" data-id=\"137\" src=\"http:\/\/www.sopegref.com\/wp-content\/uploads\/2026\/02\/Captura-de-pantalla-2026-02-13-011918.png\" alt=\"\" class=\"wp-image-137\" srcset=\"https:\/\/www.sopegref.com\/wp-content\/uploads\/2026\/02\/Captura-de-pantalla-2026-02-13-011918.png 476w, https:\/\/www.sopegref.com\/wp-content\/uploads\/2026\/02\/Captura-de-pantalla-2026-02-13-011918-300x207.png 300w\" sizes=\"auto, (max-width: 476px) 100vw, 476px\" \/><figcaption class=\"wp-element-caption\">2<\/figcaption><\/figure>\n\n\n\n<figure class=\"wp-block-image size-large\"><img loading=\"lazy\" decoding=\"async\" width=\"507\" height=\"331\" data-id=\"138\" src=\"http:\/\/www.sopegref.com\/wp-content\/uploads\/2026\/02\/Captura-de-pantalla-2026-02-13-011925.png\" alt=\"\" class=\"wp-image-138\" srcset=\"https:\/\/www.sopegref.com\/wp-content\/uploads\/2026\/02\/Captura-de-pantalla-2026-02-13-011925.png 507w, https:\/\/www.sopegref.com\/wp-content\/uploads\/2026\/02\/Captura-de-pantalla-2026-02-13-011925-300x196.png 300w\" sizes=\"auto, (max-width: 507px) 100vw, 507px\" \/><figcaption class=\"wp-element-caption\">3<\/figcaption><\/figure>\n\n\n\n<figure class=\"wp-block-image size-large\"><img loading=\"lazy\" decoding=\"async\" width=\"506\" height=\"324\" data-id=\"139\" src=\"http:\/\/www.sopegref.com\/wp-content\/uploads\/2026\/02\/Captura-de-pantalla-2026-02-13-011932.png\" alt=\"\" class=\"wp-image-139\" srcset=\"https:\/\/www.sopegref.com\/wp-content\/uploads\/2026\/02\/Captura-de-pantalla-2026-02-13-011932.png 506w, https:\/\/www.sopegref.com\/wp-content\/uploads\/2026\/02\/Captura-de-pantalla-2026-02-13-011932-300x192.png 300w\" sizes=\"auto, (max-width: 506px) 100vw, 506px\" \/><figcaption class=\"wp-element-caption\">4<\/figcaption><\/figure>\n\n\n\n<figure class=\"wp-block-image size-large\"><img loading=\"lazy\" decoding=\"async\" width=\"473\" height=\"325\" data-id=\"140\" src=\"http:\/\/www.sopegref.com\/wp-content\/uploads\/2026\/02\/Captura-de-pantalla-2026-02-13-011938.png\" alt=\"\" class=\"wp-image-140\" srcset=\"https:\/\/www.sopegref.com\/wp-content\/uploads\/2026\/02\/Captura-de-pantalla-2026-02-13-011938.png 473w, https:\/\/www.sopegref.com\/wp-content\/uploads\/2026\/02\/Captura-de-pantalla-2026-02-13-011938-300x206.png 300w\" sizes=\"auto, (max-width: 473px) 100vw, 473px\" \/><figcaption class=\"wp-element-caption\">5<\/figcaption><\/figure>\n<\/figure>\n\n\n\n<hr class=\"wp-block-separator has-alpha-channel-opacity is-style-dots\" style=\"margin-top:0;margin-bottom:0\"\/>\n","protected":false},"excerpt":{"rendered":"<p>Te contamos un poco de SOPEGREF La Sociedad Peruana de Ginecolog\u00eda Regenerativa, Est\u00e9tica y Funcional (SOPEGREF) naci\u00f3 en2022 con el [&hellip;]<\/p>\n","protected":false},"author":1,"featured_media":0,"parent":0,"menu_order":0,"comment_status":"closed","ping_status":"closed","template":"","meta":{"site-sidebar-layout":"no-sidebar","site-content-layout":"","ast-site-content-layout":"full-width-container","site-content-style":"unboxed","site-sidebar-style":"default","ast-global-header-display":"","ast-banner-title-visibility":"","ast-main-header-display":"","ast-hfb-above-header-display":"","ast-hfb-below-header-display":"","ast-hfb-mobile-header-display":"","site-post-title":"disabled","ast-breadcrumbs-content":"","ast-featured-img":"","footer-sml-layout":"","ast-disable-related-posts":"","theme-transparent-header-meta":"default","adv-header-id-meta":"","stick-header-meta":"","header-above-stick-meta":"","header-main-stick-meta":"","header-below-stick-meta":"","astra-migrate-meta-layouts":"default","ast-page-background-enabled":"default","ast-page-background-meta":{"desktop":{"background-color":"var(--ast-global-color-5)","background-image":"","background-repeat":"repeat","background-position":"center center","background-size":"auto","background-attachment":"scroll","background-type":"","background-media":"","overlay-type":"","overlay-color":"","overlay-opacity":"","overlay-gradient":""},"tablet":{"background-color":"","background-image":"","background-repeat":"repeat","background-position":"center center","background-size":"auto","background-attachment":"scroll","background-type":"","background-media":"","overlay-type":"","overlay-color":"","overlay-opacity":"","overlay-gradient":""},"mobile":{"background-color":"","background-image":"","background-repeat":"repeat","background-position":"center center","background-size":"auto","background-attachment":"scroll","background-type":"","background-media":"","overlay-type":"","overlay-color":"","overlay-opacity":"","overlay-gradient":""}},"ast-content-background-meta":{"desktop":{"background-color":"var(--ast-global-color-4)","background-image":"","background-repeat":"repeat","background-position":"center center","background-size":"auto","background-attachment":"scroll","background-type":"","background-media":"","overlay-type":"","overlay-color":"","overlay-opacity":"","overlay-gradient":""},"tablet":{"background-color":"var(--ast-global-color-4)","background-image":"","background-repeat":"repeat","background-position":"center center","background-size":"auto","background-attachment":"scroll","background-type":"","background-media":"","overlay-type":"","overlay-color":"","overlay-opacity":"","overlay-gradient":""},"mobile":{"background-color":"var(--ast-global-color-4)","background-image":"","background-repeat":"repeat","background-position":"center center","background-size":"auto","background-attachment":"scroll","background-type":"","background-media":"","overlay-type":"","overlay-color":"","overlay-opacity":"","overlay-gradient":""}},"footnotes":""},"class_list":["post-62","page","type-page","status-publish","hentry"],"_links":{"self":[{"href":"https:\/\/www.sopegref.com\/index.php?rest_route=\/wp\/v2\/pages\/62","targetHints":{"allow":["GET"]}}],"collection":[{"href":"https:\/\/www.sopegref.com\/index.php?rest_route=\/wp\/v2\/pages"}],"about":[{"href":"https:\/\/www.sopegref.com\/index.php?rest_route=\/wp\/v2\/types\/page"}],"author":[{"embeddable":true,"href":"https:\/\/www.sopegref.com\/index.php?rest_route=\/wp\/v2\/users\/1"}],"replies":[{"embeddable":true,"href":"https:\/\/www.sopegref.com\/index.php?rest_route=%2Fwp%2Fv2%2Fcomments&post=62"}],"version-history":[{"count":51,"href":"https:\/\/www.sopegref.com\/index.php?rest_route=\/wp\/v2\/pages\/62\/revisions"}],"predecessor-version":[{"id":331,"href":"https:\/\/www.sopegref.com\/index.php?rest_route=\/wp\/v2\/pages\/62\/revisions\/331"}],"wp:attachment":[{"href":"https:\/\/www.sopegref.com\/index.php?rest_route=%2Fwp%2Fv2%2Fmedia&parent=62"}],"curies":[{"name":"wp","href":"https:\/\/api.w.org\/{rel}","templated":true}]}}