{"id":66,"date":"2025-12-07T23:16:03","date_gmt":"2025-12-07T23:16:03","guid":{"rendered":"http:\/\/www.sopegref.com\/?page_id=66"},"modified":"2026-03-10T07:31:52","modified_gmt":"2026-03-10T07:31:52","slug":"nostros","status":"publish","type":"page","link":"https:\/\/www.sopegref.com\/?page_id=66","title":{"rendered":"Nosotros"},"content":{"rendered":"\n<h2 class=\"wp-block-heading has-ast-global-color-4-color has-text-color has-link-color wp-elements-5313abde897661e86d1f3b5a019095b6\">.<\/h2>\n\n\n\n<div class=\"wp-block-cover img-nosotros has-large-font-size\" style=\"min-height:579px;aspect-ratio:unset;\"><img loading=\"lazy\" decoding=\"async\" width=\"1024\" height=\"683\" class=\"wp-block-cover__image-background wp-image-259 size-large\" alt=\"\" src=\"http:\/\/www.sopegref.com\/wp-content\/uploads\/2026\/02\/Captura-de-pantalla-2026-02-16-172306-1024x683.png\" style=\"object-position:50% 32%\" data-object-fit=\"cover\" data-object-position=\"50% 32%\" srcset=\"https:\/\/www.sopegref.com\/wp-content\/uploads\/2026\/02\/Captura-de-pantalla-2026-02-16-172306-1024x683.png 1024w, https:\/\/www.sopegref.com\/wp-content\/uploads\/2026\/02\/Captura-de-pantalla-2026-02-16-172306-300x200.png 300w, https:\/\/www.sopegref.com\/wp-content\/uploads\/2026\/02\/Captura-de-pantalla-2026-02-16-172306-768x512.png 768w, https:\/\/www.sopegref.com\/wp-content\/uploads\/2026\/02\/Captura-de-pantalla-2026-02-16-172306-600x400.png 600w, https:\/\/www.sopegref.com\/wp-content\/uploads\/2026\/02\/Captura-de-pantalla-2026-02-16-172306.png 1214w\" sizes=\"auto, (max-width: 1024px) 100vw, 1024px\" \/><span aria-hidden=\"true\" class=\"wp-block-cover__background has-background-dim-60 has-background-dim\" style=\"background-color:#7c43b2\"><\/span><div class=\"wp-block-cover__inner-container is-layout-constrained wp-block-cover-is-layout-constrained\">\n<p class=\"has-text-align-center has-ast-global-color-4-color has-text-color has-link-color has-large-font-size wp-elements-b8f73afe0bfa99458223f480529b9b05\">\u00bb <strong>JUNTA DIRECTIVA 2023 &#8211; 2026 \u00ab<\/strong><\/p>\n<\/div><\/div>\n\n\n\n<div class=\"wp-block-columns is-layout-flex wp-container-core-columns-is-layout-28f84493 wp-block-columns-is-layout-flex\">\n<div class=\"wp-block-column doctor1 is-layout-flow wp-block-column-is-layout-flow\">\n<figure class=\"wp-block-image aligncenter size-full is-resized\"><img loading=\"lazy\" decoding=\"async\" width=\"219\" height=\"204\" src=\"http:\/\/www.sopegref.com\/wp-content\/uploads\/2026\/02\/Captura-de-pantalla-2026-02-13-013833.png\" alt=\"\" class=\"wp-image-146\" style=\"width:192px;height:auto\"\/><\/figure>\n\n\n\n<h4 class=\"wp-block-heading has-text-align-center has-ast-global-color-4-color has-text-color has-background has-link-color has-medium-font-size wp-elements-99391b148457fe652aa74300d30f98c6\" style=\"border-top-left-radius:100px;border-top-right-radius:100px;border-bottom-left-radius:100px;border-bottom-right-radius:100px;background-color:#714889\">Dra. Yuliana Zaragoza Alarc\u00f3n Quispe<br>Presidenta<\/h4>\n<\/div>\n\n\n\n<div class=\"wp-block-column doctor1 is-layout-flow wp-block-column-is-layout-flow\">\n<figure class=\"wp-block-image aligncenter size-full is-resized\"><img loading=\"lazy\" decoding=\"async\" width=\"230\" height=\"212\" src=\"http:\/\/www.sopegref.com\/wp-content\/uploads\/2026\/02\/Captura-de-pantalla-2026-02-13-013934.png\" alt=\"\" class=\"wp-image-147\" style=\"width:192px\"\/><\/figure>\n\n\n\n<h2 class=\"wp-block-heading has-text-align-center has-ast-global-color-4-color has-text-color has-background has-link-color has-medium-font-size wp-elements-b23b68cb46d37fccbac092e6fb6eaed9\" style=\"border-top-left-radius:100px;border-top-right-radius:100px;border-bottom-left-radius:100px;border-bottom-right-radius:100px;background-color:#714889\">Dr. Julio V\u00edctor D\u00edaz Pinillos<br>VicePresidente<\/h2>\n<\/div>\n\n\n\n<div class=\"wp-block-column doctor1 is-layout-flow wp-block-column-is-layout-flow\">\n<figure class=\"wp-block-image aligncenter size-full is-resized\"><img loading=\"lazy\" decoding=\"async\" width=\"213\" height=\"201\" src=\"http:\/\/www.sopegref.com\/wp-content\/uploads\/2026\/02\/Captura-de-pantalla-2026-02-13-013940.png\" alt=\"\" class=\"wp-image-148\" style=\"width:192px\"\/><\/figure>\n\n\n\n<h2 class=\"wp-block-heading has-text-align-center has-ast-global-color-4-color has-text-color has-background has-link-color has-medium-font-size wp-elements-8c151b5ba87fb505685d5260449ba4c8\" style=\"border-top-left-radius:100px;border-top-right-radius:100px;border-bottom-left-radius:100px;border-bottom-right-radius:100px;background-color:#714889\">Dr. Jorge Alberto Campos Escobedo<br>Secretario General<\/h2>\n<\/div>\n<\/div>\n\n\n\n<div class=\"wp-block-columns is-layout-flex wp-container-core-columns-is-layout-28f84493 wp-block-columns-is-layout-flex\">\n<div class=\"wp-block-column doctor1 is-layout-flow wp-block-column-is-layout-flow\">\n<figure class=\"wp-block-image aligncenter size-full is-resized\"><img loading=\"lazy\" decoding=\"async\" width=\"229\" height=\"210\" src=\"http:\/\/www.sopegref.com\/wp-content\/uploads\/2026\/02\/Captura-de-pantalla-2026-02-13-013958.png\" alt=\"\" class=\"wp-image-151\" style=\"width:192px\"\/><\/figure>\n\n\n\n<h2 class=\"wp-block-heading has-text-align-center has-ast-global-color-4-color has-text-color has-background has-link-color has-medium-font-size wp-elements-192bd8a82b14691a5e5c73ec39e95565\" style=\"border-top-left-radius:100px;border-top-right-radius:100px;border-bottom-left-radius:100px;border-bottom-right-radius:100px;background-color:#714889\">Dra. Eliana Ojeda Lazo<br>Secretaria de Finanzas<\/h2>\n<\/div>\n\n\n\n<div class=\"wp-block-column doctor1 is-layout-flow wp-block-column-is-layout-flow\">\n<figure class=\"wp-block-image aligncenter size-full is-resized\"><img loading=\"lazy\" decoding=\"async\" width=\"221\" height=\"200\" src=\"http:\/\/www.sopegref.com\/wp-content\/uploads\/2026\/02\/Captura-de-pantalla-2026-02-13-013952.png\" alt=\"\" class=\"wp-image-150\" style=\"width:192px\"\/><\/figure>\n\n\n\n<h2 class=\"wp-block-heading has-text-align-center has-ast-global-color-4-color has-text-color has-background has-link-color has-medium-font-size wp-elements-13ec9ebbc0c8b589e12150efb076e04b\" style=\"border-top-left-radius:100px;border-top-right-radius:100px;border-bottom-left-radius:100px;border-bottom-right-radius:100px;background-color:#714889\">Dr. Cesar Roberto Padro del Carpio<br>Secretario de Acci\u00f3n Cient\u00edfica<\/h2>\n<\/div>\n\n\n\n<div class=\"wp-block-column doctor1 is-layout-flow wp-block-column-is-layout-flow\">\n<figure class=\"wp-block-image aligncenter size-full is-resized\"><img loading=\"lazy\" decoding=\"async\" width=\"226\" height=\"213\" src=\"http:\/\/www.sopegref.com\/wp-content\/uploads\/2026\/02\/Captura-de-pantalla-2026-02-13-013947.png\" alt=\"\" class=\"wp-image-149\" style=\"width:192px\"\/><\/figure>\n\n\n\n<h2 class=\"wp-block-heading has-text-align-center has-ast-global-color-4-color has-text-color has-background has-link-color has-medium-font-size wp-elements-75d7237e632b4b5ce022ba11320601fc\" style=\"border-top-left-radius:100px;border-top-right-radius:100px;border-bottom-left-radius:100px;border-bottom-right-radius:100px;background-color:#714889\">Dra. Daisy Milagritos Torraka Ventosilla<br>Secretaria de Filiales<\/h2>\n<\/div>\n<\/div>\n\n\n\n<h2 class=\"wp-block-heading has-ast-global-color-4-color has-text-color has-link-color wp-elements-5313abde897661e86d1f3b5a019095b6\">.<\/h2>\n\n\n\n<h4 class=\"wp-block-heading has-text-align-center has-text-color has-link-color has-large-font-size wp-elements-01b9fa916c3456cd4c12fd6e4a8ef3ab\" style=\"color:#714889\"><strong>PRINCIPALES EJES TEM\u00c1TICOS<\/strong> DEL 2DO CONGRESO INTERNACIONAL DE GINECOLOG\u00cdA REGENERATIVA EST\u00c9TICA Y FUNCIONAL LIMA &#8211; PER\u00da 2026<\/h4>\n\n\n\n<div class=\"wp-block-columns ejes-tematicos has-background is-layout-flex wp-container-core-columns-is-layout-28f84493 wp-block-columns-is-layout-flex\" style=\"background:linear-gradient(135deg,rgb(65,113,185) 0%,rgb(208,146,249) 100%)\">\n<div class=\"wp-block-column is-layout-flow wp-block-column-is-layout-flow\">\n<div class=\"wp-block-columns is-layout-flex wp-container-core-columns-is-layout-28f84493 wp-block-columns-is-layout-flex\">\n<div class=\"wp-block-column is-vertically-aligned-center is-layout-flow wp-block-column-is-layout-flow\">\n<ul class=\"wp-block-list\">\n<li class=\"doctor1 has-ast-global-color-4-color has-text-color has-link-color wp-elements-6a59afa8e516358363b73b998180b93a\"><strong>EBD y multitecnolog\u00eda en ginecolog\u00eda funcional<\/strong>\n<ul class=\"wp-block-list\">\n<li>L\u00e1ser, radiofrecuencia, HIFU, electromagn\u00e9tica (rehabilitacion p\u00e9lvica).<\/li>\n<\/ul>\n<\/li>\n\n\n\n<li class=\"doctor1 has-ast-global-color-4-color has-text-color has-link-color wp-elements-43dff96c0937c54ce93e78c560acc67d\"><strong>Obstetricia regenerativa y funcional<\/strong>\n<ul class=\"wp-block-list\">\n<li>Preconcepci\u00f3n, fertilidad funcional, preparaci\u00f3n endometrial.<\/li>\n\n\n\n<li>Embarazo: Suelo p\u00e9lvico, dolor, disfunci\u00f3n urinaria, bienestar \u00edntimo y sexualidad.<\/li>\n\n\n\n<li>Postparto: Rehabilitaci\u00f3n vulvovaginal, cicatrices, laxitud, incontinencia, dolor, protocolo integral.<\/li>\n<\/ul>\n<\/li>\n\n\n\n<li class=\"doctor1 has-ast-global-color-4-color has-text-color has-link-color wp-elements-546f9f3f50718551260e6dabf3375a33\"><strong>Biotecnolog\u00eda regenerativa avanzada<\/strong>\n<ul class=\"wp-block-list\">\n<li>Exosomas: Bases, evidencia, indicaciones, seguridad, criterios de uso.<\/li>\n\n\n\n<li>C\u00e9lulas madre \/ Terapias celulares: Conceptos, marco cl\u00ednico, \u00e9tica, seguridad, limitaciones reales.<\/li>\n\n\n\n<li>Medicina traslacional.<\/li>\n<\/ul>\n<\/li>\n\n\n\n<li class=\"doctor1 has-ast-global-color-4-color has-text-color has-link-color wp-elements-99e6142dbf1811e6035642c6dd9bcaf8\"><strong>Biohacking responsable<\/strong>\n<ul class=\"wp-block-list\">\n<li class=\"doctor1 has-ast-global-color-4-color has-text-color has-link-color wp-elements-78a4f937b73d0fef6b0d4d70e2be3597\">Hormonas bioind\u00e9nticas, nutrici\u00f3n ortomolecular, suplementaci\u00f3n y terapias IV con protocolos. <\/li>\n<\/ul>\n<\/li>\n<\/ul>\n<\/div>\n\n\n\n<div class=\"wp-block-column is-layout-flow wp-block-column-is-layout-flow\">\n<figure class=\"wp-block-image aligncenter size-large is-resized doctor1\"><img loading=\"lazy\" decoding=\"async\" width=\"1024\" height=\"848\" src=\"http:\/\/www.sopegref.com\/wp-content\/uploads\/2026\/02\/Gemini_Generated_Image_is8uhjis8uhjis8u-Photoroom-1024x848.png\" alt=\"\" class=\"wp-image-156\" style=\"aspect-ratio:1.2075672440735445;width:531px;height:auto\" srcset=\"https:\/\/www.sopegref.com\/wp-content\/uploads\/2026\/02\/Gemini_Generated_Image_is8uhjis8uhjis8u-Photoroom-1024x848.png 1024w, https:\/\/www.sopegref.com\/wp-content\/uploads\/2026\/02\/Gemini_Generated_Image_is8uhjis8uhjis8u-Photoroom-300x249.png 300w, https:\/\/www.sopegref.com\/wp-content\/uploads\/2026\/02\/Gemini_Generated_Image_is8uhjis8uhjis8u-Photoroom-768x636.png 768w, https:\/\/www.sopegref.com\/wp-content\/uploads\/2026\/02\/Gemini_Generated_Image_is8uhjis8uhjis8u-Photoroom-600x497.png 600w, https:\/\/www.sopegref.com\/wp-content\/uploads\/2026\/02\/Gemini_Generated_Image_is8uhjis8uhjis8u-Photoroom.png 1120w\" sizes=\"auto, (max-width: 1024px) 100vw, 1024px\" \/><\/figure>\n<\/div>\n<\/div>\n<\/div>\n<\/div>\n\n\n\n<p><\/p>\n","protected":false},"excerpt":{"rendered":"<p>. Dra. Yuliana Zaragoza Alarc\u00f3n QuispePresidenta Dr. Julio V\u00edctor D\u00edaz PinillosVicePresidente Dr. Jorge Alberto Campos EscobedoSecretario General Dra. Eliana Ojeda [&hellip;]<\/p>\n","protected":false},"author":1,"featured_media":0,"parent":0,"menu_order":0,"comment_status":"closed","ping_status":"closed","template":"","meta":{"site-sidebar-layout":"default","site-content-layout":"","ast-site-content-layout":"default","site-content-style":"default","site-sidebar-style":"default","ast-global-header-display":"","ast-banner-title-visibility":"","ast-main-header-display":"","ast-hfb-above-header-display":"","ast-hfb-below-header-display":"","ast-hfb-mobile-header-display":"","site-post-title":"disabled","ast-breadcrumbs-content":"","ast-featured-img":"","footer-sml-layout":"","ast-disable-related-posts":"","theme-transparent-header-meta":"","adv-header-id-meta":"","stick-header-meta":"","header-above-stick-meta":"","header-main-stick-meta":"","header-below-stick-meta":"","astra-migrate-meta-layouts":"default","ast-page-background-enabled":"default","ast-page-background-meta":{"desktop":{"background-color":"var(--ast-global-color-5)","background-image":"","background-repeat":"repeat","background-position":"center center","background-size":"auto","background-attachment":"scroll","background-type":"","background-media":"","overlay-type":"","overlay-color":"","overlay-opacity":"","overlay-gradient":""},"tablet":{"background-color":"","background-image":"","background-repeat":"repeat","background-position":"center center","background-size":"auto","background-attachment":"scroll","background-type":"","background-media":"","overlay-type":"","overlay-color":"","overlay-opacity":"","overlay-gradient":""},"mobile":{"background-color":"","background-image":"","background-repeat":"repeat","background-position":"center center","background-size":"auto","background-attachment":"scroll","background-type":"","background-media":"","overlay-type":"","overlay-color":"","overlay-opacity":"","overlay-gradient":""}},"ast-content-background-meta":{"desktop":{"background-color":"var(--ast-global-color-4)","background-image":"","background-repeat":"repeat","background-position":"center center","background-size":"auto","background-attachment":"scroll","background-type":"","background-media":"","overlay-type":"","overlay-color":"","overlay-opacity":"","overlay-gradient":""},"tablet":{"background-color":"var(--ast-global-color-4)","background-image":"","background-repeat":"repeat","background-position":"center center","background-size":"auto","background-attachment":"scroll","background-type":"","background-media":"","overlay-type":"","overlay-color":"","overlay-opacity":"","overlay-gradient":""},"mobile":{"background-color":"var(--ast-global-color-4)","background-image":"","background-repeat":"repeat","background-position":"center center","background-size":"auto","background-attachment":"scroll","background-type":"","background-media":"","overlay-type":"","overlay-color":"","overlay-opacity":"","overlay-gradient":""}},"footnotes":""},"class_list":["post-66","page","type-page","status-publish","hentry"],"_links":{"self":[{"href":"https:\/\/www.sopegref.com\/index.php?rest_route=\/wp\/v2\/pages\/66","targetHints":{"allow":["GET"]}}],"collection":[{"href":"https:\/\/www.sopegref.com\/index.php?rest_route=\/wp\/v2\/pages"}],"about":[{"href":"https:\/\/www.sopegref.com\/index.php?rest_route=\/wp\/v2\/types\/page"}],"author":[{"embeddable":true,"href":"https:\/\/www.sopegref.com\/index.php?rest_route=\/wp\/v2\/users\/1"}],"replies":[{"embeddable":true,"href":"https:\/\/www.sopegref.com\/index.php?rest_route=%2Fwp%2Fv2%2Fcomments&post=66"}],"version-history":[{"count":24,"href":"https:\/\/www.sopegref.com\/index.php?rest_route=\/wp\/v2\/pages\/66\/revisions"}],"predecessor-version":[{"id":301,"href":"https:\/\/www.sopegref.com\/index.php?rest_route=\/wp\/v2\/pages\/66\/revisions\/301"}],"wp:attachment":[{"href":"https:\/\/www.sopegref.com\/index.php?rest_route=%2Fwp%2Fv2%2Fmedia&parent=66"}],"curies":[{"name":"wp","href":"https:\/\/api.w.org\/{rel}","templated":true}]}}